{"id":1179,"date":"2022-11-16T21:10:31","date_gmt":"2022-11-16T19:10:31","guid":{"rendered":"https:\/\/esound.lv\/events\/"},"modified":"2025-09-14T15:16:24","modified_gmt":"2025-09-14T13:16:24","slug":"events","status":"publish","type":"page","link":"https:\/\/esound.lv\/en\/events\/","title":{"rendered":"Events"},"content":{"rendered":"\t\t<div data-elementor-type=\"wp-page\" data-elementor-id=\"1179\" class=\"elementor elementor-1179 elementor-706\" data-elementor-post-type=\"page\">\n\t\t\t\t<div class=\"elementor-element elementor-element-f2eb0d6 e-flex e-con-boxed e-con e-parent\" data-id=\"f2eb0d6\" data-element_type=\"container\" data-settings=\"{&quot;background_background&quot;:&quot;classic&quot;}\">\n\t\t\t\t\t<div class=\"e-con-inner\">\n\t\t<div class=\"elementor-element elementor-element-a0b40b5 e-con-full e-flex e-con e-child\" data-id=\"a0b40b5\" data-element_type=\"container\">\n\t\t\t\t<div class=\"elementor-element elementor-element-817d4a9 elementor-widget elementor-widget-heading\" data-id=\"817d4a9\" data-element_type=\"widget\" data-widget_type=\"heading.default\">\n\t\t\t\t\t<h2 class=\"elementor-heading-title elementor-size-default\">Events<\/h2>\t\t\t\t<\/div>\n\t\t\t\t<div class=\"elementor-element elementor-element-38fb435 elementor-widget elementor-widget-text-editor\" data-id=\"38fb435\" data-element_type=\"widget\" data-widget_type=\"text-editor.default\">\n\t\t\t\t\t\t\t\t\t<h3><span style=\"color: #ffffff;\">We have participated in:<\/span><\/h3>\t\t\t\t\t\t\t\t<\/div>\n\t\t\t\t<div class=\"elementor-element elementor-element-fb91613 elementor-widget elementor-widget-shortcode\" data-id=\"fb91613\" data-element_type=\"widget\" data-widget_type=\"shortcode.default\">\n\t\t\t\t\t\t\t<div class=\"elementor-shortcode\"><\/div>\n\t\t\t\t\t\t<\/div>\n\t\t\t\t<\/div>\n\t\t\t\t\t<\/div>\n\t\t\t\t<\/div>\n\t\t<div class=\"elementor-element elementor-element-82d3c19 e-flex e-con-boxed e-con e-parent\" data-id=\"82d3c19\" data-element_type=\"container\">\n\t\t\t\t\t<div class=\"e-con-inner\">\n\t\t\t\t<div class=\"elementor-element elementor-element-b9bf8ce elementor-widget elementor-widget-text-editor\" data-id=\"b9bf8ce\" data-element_type=\"widget\" data-widget_type=\"text-editor.default\">\n\t\t\t\t\t\t\t\t\t<p>&#8211; 2003. \u2013 L\u012bgo celebrations in 2003\u2028\u2013 The Folklore festival \u201cBALTICA 2003\u201d\u2028<br>\u2013 The School song and dance festival in Madona region\u2028<br>\u2013 The International dance festival \u201cENKU DRENKU\u201d\u2028<br>\u2013 The holiday of Saulkrasti town\u2028\u2013 The choir holiday in Al\u016bksne region\/Gaujiena civil parish<br>\u2013 in J\u0101zeps V\u012btols\u2019s native house (we are working from the beginning)\u2028<br>\u2013 The holiday of J\u0113kabpils city in 2005, 2006\u2028\u2013 The ballet festival \u201cBALTIJAS ZVAIGZNES 2004\u201d\u2028<br>\u2013 The International police events\u2028<br>\u2013 The festival \u201cBORDERROCK 2006\u201d in Valka\u2028<br>\u2013 The festival \u201cVALGA-VALKA: 1 PILS\u0112TA 2 VALSTIS\u201d<br>\u2028\u2013 The technical support of J.Kulakov cantata \u201cSARKANAIS VILCIENS\u201d in 2006-2007\u2028<br>\u2013 The holiday of Ik\u0161\u0137ile in 2006, 2007\u2028\u2013 The Prosperity Ministry 15 years anniversary celebrations in Riga Association House\u2028\u2013 The Republic of Latvia Saeima events and preview<br>\u2028\u2013 The TOXIC tour 2006\u2028\u2013 The European Boxing championship version \u201cDRAKA\u201d 2-4 stages in \u0136\u012bpsala Exhibition Centre and Sport Arena     <br>\u2013 Our executive staff took part in EUROVIZION live broadcasting from Riga (2003) and Russia (2005)<br>\u2013 NATO (North Atlantic Treaty Organisation) summit \u201cRIGA 2006\u201d maintenance of sound in \u201cARENA RIGA\u201d and Latvian Olympic Centre<br>&#8211; 9. \u2013 The celebrations \u201c9 of May\u201d technical support in 2005-2007<\/p><div class=\"container\"><div class=\"content-area\"><main id=\"main\" class=\"site-main\" role=\"main\"><div class=\"row\"><div class=\"content_area col-md-8\"><article id=\"post-11\" class=\"post-11 page type-page status-publish hentry\"><div class=\"entry-content\"><div id=\"pl-11\" class=\"panel-layout\"><div id=\"pg-11-1\" class=\"panel-grid panel-no-style\"><div id=\"pgc-11-1-1\" class=\"panel-grid-cell\"><div id=\"panel-11-1-1-0\" class=\"so-panel widget widget_sow-editor panel-first-child panel-last-child\" data-index=\"2\"><div class=\"so-widget-sow-editor so-widget-sow-editor-base\"><div class=\"siteorigin-widget-tinymce textwidget\"><p>\u2013 The festival of Bauska country music 2007\u2028\u2013 \u201c\u0160L\u0100GERAPTAUJAS 2007\u201d (\u201cHit Poll 2007\u201d) summer Closing Ceremony in Ventspils, Re\u0146\u0137u garden\u2028<br>\u2013 Good relations with organizers of a cultural life of Madona, Al\u016bksne, J\u0113kabpils towns were formed<br>\u2013 \u201cMelngalvju nams\u201d successfully cooperated with us many years having organized \u201cMaija gr\u0101fa sv\u0113tki\u201d (\u201cThe grapf of May celebrations\u201d) and \u201cMi\u0137e\u013cdienas \u0100bolu gadatirgu\u201d (\u201cThe apple fair of Mi\u0137elis day\u201d)<br>\u2013 We have such frequent clients as International film festival \u201cArsen\u0101ls\u201d, New Theatre Institute theatre festivals \u201cHomo Novus\u201d and \u201cHomo Alibi\u201d<br>\u2013 We provide a sound announcement for record to such broadcast programs as \u201cDziesmu duelis\u201d, \u201cBr\u012bnumzemes Lielais \u0161ovs\u201d, \u201cPr\u0101ta Banka\u201d<br>\u2013 The relationship with Children\u2019s clinical hospital has become closer. We provide technical support on Christmas, Easter Day and other celebrating events<br>&#8211; K\u0101 ar\u012b neskait\u0101mie banketi, ball\u012btes, prezent\u0101cijas un sporta sp\u0113les s\u0101kot no neliel\u0101m banketu z\u0101l\u0113m l\u012bdz &#8220;AR\u0112NA R\u012aGA&#8221;<\/p><\/div><\/div><\/div><\/div><\/div><\/div><\/div><\/article><\/div><\/div><\/main><\/div><\/div>\t\t\t\t\t\t\t\t<\/div>\n\t\t\t\t\t<\/div>\n\t\t\t\t<\/div>\n\t\t\t\t<\/div>\n\t\t","protected":false},"excerpt":{"rendered":"<p>Events We have participated in: &#8211; 2003. \u2013 L\u012bgo celebrations in 2003\u2028\u2013 The Folklore festival \u201cBALTICA 2003\u201d\u2028\u2013 The School song and dance festival in Madona region\u2028\u2013 The International dance festival \u201cENKU DRENKU\u201d\u2028\u2013 The holiday of Saulkrasti town\u2028\u2013 The choir holiday in Al\u016bksne region\/Gaujiena civil parish\u2013 in J\u0101zeps V\u012btols\u2019s native house (we are working from the [&hellip;]<\/p>\n","protected":false},"author":1,"featured_media":0,"parent":0,"menu_order":0,"comment_status":"closed","ping_status":"closed","template":"","meta":{"footnotes":""},"class_list":["post-1179","page","type-page","status-publish","hentry"],"blocksy_meta":{"page_title_panel":"","has_hero_section":"disabled","da7a78337464ae346af2bb1b3950828a":"","hero_section":"type-1","hero_elements":[{"id":"custom_title","enabled":true,"heading_tag":"h1","title":"Home"},{"id":"custom_description","enabled":true,"description_visibility":{"desktop":true,"tablet":true,"mobile":false}},{"id":"custom_meta","enabled":false,"meta_elements":[{"id":"author","enabled":true,"label":"By","has_author_avatar":"yes","avatar_size":25},{"id":"post_date","enabled":true,"label":"On","date_format_source":"default","date_format":"M j, Y"},{"id":"updated_date","enabled":false,"label":"On","date_format_source":"default","date_format":"M j, Y"},{"id":"categories","enabled":false,"label":"In","style":"simple"},{"id":"comments","enabled":true}],"page_meta_elements":{"joined":true,"articles_count":true,"comments":true}},{"id":"breadcrumbs","enabled":false}],"7a0a987a00944aac8d1821345babdcc1":"","hero_alignment1":"CT_CSS_SKIP_RULE","hero_margin":40,"hero_alignment2":"center","hero_vertical_alignment":"center","b95d2d873142337528c19ad49a078ba2":"","hero_structure":"narrow","dc7cd05ba1d6151924a41e43ebf1d09c":"","page_title_bg_type":"featured_image","custom_hero_background":{"attachment_id":null},"page_title_image_size":"full","parallax":{"desktop":false,"tablet":false,"mobile":false},"757ffe7c04742a82aa4c244eda39e0a1":"","hero_height":"250px","pageTitleFont":{"family":"Default","variation":"Default","size":"30px","line-height":"CT_CSS_SKIP_RULE","letter-spacing":"CT_CSS_SKIP_RULE","text-transform":"CT_CSS_SKIP_RULE","text-decoration":"CT_CSS_SKIP_RULE"},"pageTitleFontColor":{"default":{"color":"CT_CSS_SKIP_RULEDEFAULT"}},"pageMetaFont":{"family":"Default","variation":"n6","size":"12px","line-height":"1.3","letter-spacing":"CT_CSS_SKIP_RULE","text-transform":"uppercase","text-decoration":"CT_CSS_SKIP_RULE"},"pageMetaFontColor":{"default":{"color":"CT_CSS_SKIP_RULEDEFAULT"},"hover":{"color":"CT_CSS_SKIP_RULEDEFAULT"}},"page_meta_button_type_font_colors":{"default":{"color":"CT_CSS_SKIP_RULEDEFAULT"},"hover":{"color":"CT_CSS_SKIP_RULEDEFAULT"}},"page_meta_button_type_background_colors":{"default":{"color":"CT_CSS_SKIP_RULEDEFAULT"},"hover":{"color":"CT_CSS_SKIP_RULEDEFAULT"}},"pageExcerptFont":{"family":"Default","variation":"Default","size":"CT_CSS_SKIP_RULE","line-height":"CT_CSS_SKIP_RULE","letter-spacing":"CT_CSS_SKIP_RULE","text-transform":"CT_CSS_SKIP_RULE","text-decoration":"CT_CSS_SKIP_RULE"},"pageExcerptColor":{"default":{"color":"CT_CSS_SKIP_RULEDEFAULT"}},"breadcrumbsFont":{"family":"Default","variation":"Default","size":"CT_CSS_SKIP_RULE","line-height":"CT_CSS_SKIP_RULE","letter-spacing":"CT_CSS_SKIP_RULE","text-transform":"CT_CSS_SKIP_RULE","text-decoration":"CT_CSS_SKIP_RULE"},"breadcrumbsFontColor":{"default":{"color":"CT_CSS_SKIP_RULEDEFAULT"},"initial":{"color":"CT_CSS_SKIP_RULEDEFAULT"},"hover":{"color":"CT_CSS_SKIP_RULEDEFAULT"}},"pageTitleOverlay":{"background_type":"color","background_pattern":"type-1","background_image":{"attachment_id":null,"x":0,"y":0},"gradient":"linear-gradient(135deg,rgba(6,147,227,1) 0%,rgb(155,81,224) 100%)","background_repeat":"repeat","background_size":"auto","background_attachment":"scroll","patternColor":{"default":{"color":"#e5e7ea"}},"overlayColor":{"default":{"color":"CT_CSS_SKIP_RULE"}},"backgroundColor":{"default":{"color":"CT_CSS_SKIP_RULE"}}},"pageTitleBackground":{"background_type":"color","background_pattern":"type-1","background_image":{"attachment_id":null,"x":0,"y":0},"gradient":"linear-gradient(135deg,rgba(6,147,227,1) 0%,rgb(155,81,224) 100%)","background_repeat":"repeat","background_size":"auto","background_attachment":"scroll","patternColor":{"default":{"color":"#e5e7ea"}},"overlayColor":{"default":{"color":"CT_CSS_SKIP_RULE"}},"backgroundColor":{"default":{"color":"var(--theme-palette-color-6)"}}},"pageTitlePadding":{"top":"50px","bottom":"50px","left":"auto","right":"auto","linked":true},"b24ac5b792b148c11a6c70da46c29ed3":"","page_structure_type":"default","9a7617dee84785aef869931d2843949a":"","content_style_source":"inherit","content_style":"wide","vertical_spacing_source":"custom","content_area_spacing":"none","background":{"background_type":"color","background_pattern":"type-1","background_image":{"attachment_id":null,"x":0,"y":0},"gradient":"linear-gradient(135deg,rgba(6,147,227,1) 0%,rgb(155,81,224) 100%)","background_repeat":"repeat","background_size":"auto","background_attachment":"scroll","patternColor":{"default":{"color":"#e5e7ea"}},"overlayColor":{"default":{"color":"CT_CSS_SKIP_RULE"}},"backgroundColor":{"default":{"color":"CT_CSS_SKIP_RULE"}}},"content_background":{"background_type":"color","background_pattern":"type-1","background_image":{"attachment_id":null,"x":0,"y":0},"gradient":"linear-gradient(135deg,rgba(6,147,227,1) 0%,rgb(155,81,224) 100%)","background_repeat":"repeat","background_size":"auto","background_attachment":"scroll","patternColor":{"default":{"color":"#e5e7ea"}},"overlayColor":{"default":{"color":"CT_CSS_SKIP_RULE"}},"backgroundColor":{"default":{"color":"var(--theme-palette-color-8)"}}},"content_boxed_shadow":{"inherit":false,"blur":18,"spread":-6,"v_offset":12,"h_offset":0,"inset":false,"enable":true,"color":{"color":"rgba(34, 56, 101, 0.04)"}},"content_boxed_border":{"width":1,"style":"none","color":{"color":"rgba(44,62,80,0.2)"}},"content_boxed_radius":{"top":"3px","bottom":"3px","left":"3px","right":"3px","linked":true},"boxed_content_spacing":{"desktop":{"top":"40px","bottom":"40px","left":"40px","right":"40px","linked":true},"tablet":{"top":"35px","bottom":"35px","left":"35px","right":"35px","linked":true},"mobile":{"top":"20px","bottom":"20px","left":"20px","right":"20px","linked":true}},"c12008a9b20d2ccb47a110975e95b336":"","disable_featured_image":"no","disable_share_box":"no","disable_header":"no","disable_footer":"no","styles_descriptor":{"styles":{"desktop":"","tablet":"","mobile":""},"google_fonts":[],"version":6}},"_links":{"self":[{"href":"https:\/\/esound.lv\/en\/wp-json\/wp\/v2\/pages\/1179","targetHints":{"allow":["GET"]}}],"collection":[{"href":"https:\/\/esound.lv\/en\/wp-json\/wp\/v2\/pages"}],"about":[{"href":"https:\/\/esound.lv\/en\/wp-json\/wp\/v2\/types\/page"}],"author":[{"embeddable":true,"href":"https:\/\/esound.lv\/en\/wp-json\/wp\/v2\/users\/1"}],"replies":[{"embeddable":true,"href":"https:\/\/esound.lv\/en\/wp-json\/wp\/v2\/comments?post=1179"}],"version-history":[{"count":3,"href":"https:\/\/esound.lv\/en\/wp-json\/wp\/v2\/pages\/1179\/revisions"}],"predecessor-version":[{"id":1182,"href":"https:\/\/esound.lv\/en\/wp-json\/wp\/v2\/pages\/1179\/revisions\/1182"}],"wp:attachment":[{"href":"https:\/\/esound.lv\/en\/wp-json\/wp\/v2\/media?parent=1179"}],"curies":[{"name":"wp","href":"https:\/\/api.w.org\/{rel}","templated":true}]}}